{"id":281,"date":"2024-08-31T21:58:04","date_gmt":"2024-08-31T18:58:04","guid":{"rendered":"https:\/\/jannotults.ee\/?page_id=281"},"modified":"2024-09-07T16:57:45","modified_gmt":"2024-09-07T13:57:45","slug":"minust","status":"publish","type":"page","link":"https:\/\/jannotults.ee\/index.php\/minust\/","title":{"rendered":"Minust"},"content":{"rendered":"\n<div style=\"height:var(--wp--preset--spacing--50)\" aria-hidden=\"true\" class=\"wp-block-spacer\"><\/div>\n\n\n\n<div class=\"wp-block-group alignwide has-global-padding is-layout-constrained wp-block-group-is-layout-constrained\">\n<h1 class=\"wp-block-heading alignwide has-large-font-size\" style=\"line-height:1.2\">Minu nimi on Janno Tults. V\u00f5iks \u00f6elda, et v\u00f5itlen <a href=\"https:\/\/piibel.net\/est_97\/?q=mt%2022%3A39-40\">Piiblis 2. k\u00e4su <\/a>kehtivuse eest selle \u00f5iges vormis &#8211; inimsuhete p\u00f5hiseadusena.<\/h1>\n\n\n\n<p><strong>Hariduselt-t\u00f6\u00f6alaselt taustalt\u2026<\/strong><\/p>\n\n\n\n<p>\u2026olen g\u00fcmnaasiumi matemaatika\u00f5petaja magistriharidusega (Tallinna \u00dclikoolist 2008) ja maksunduse eriala rakendusliku k\u00f5rgharidusega (Tallinna Majanduskoolist 2013).<br>\u2026mul on \u00f5petamis- ja tasandus\u00f5petamiskogemus koolist:<\/p>\n\n\n\n<ul class=\"wp-block-list\">\n<li>2005-2007 Paldiski G\u00fcmnaasiumis;<\/li>\n\n\n\n<li>2011\/2012 Tallinna Majanduskoolis;<\/li>\n\n\n\n<li>2019-2023 Tallinna N\u00f5mme G\u00fcmnaasiumis (spetsiifiliselt HEV-matemaatika);<\/li>\n\n\n\n<li>2023\/2024 Hiiu Koolis (end Tallinna N\u00f5mme G\u00fcmnaasiumi p\u00f5hikooli osa, spetsiifiliselt HEV-matemaatika);<\/li>\n<\/ul>\n\n\n\n<p>\u2026ja era\u00f5petamiskogemus al 2007 (m\u00f5ningane ka varasemast);<br>\u2026ning raamatupidamisega tegelen v\u00e4ljapoole teenuseosutajana (v\u00f5i selle raamatupidajana) al 2010. a (enda FIE al 2007-2009 ja hiljem Tarkuseveski U\u00dc raamatupidamine al 2009).<\/p>\n\n\n\n<p><strong>Tarkuseveski taust ja tegemised<\/strong><br>Tarkuseveski kui tunnus on turul juba s\u00fcgisest 2007, mil alustasin tegevust matemaatika eratundidega (FIEna, hiljem sulgesin selle vormi).<\/p>\n\n\n\n<ul class=\"wp-block-list\">\n<li>2009. a suvel registreerisin Tarkuseveski U\u00dc, kus olen&nbsp;\u00f5petaja ja raamatupidaja, vajadusel kaaslastega;<\/li>\n\n\n\n<li>2009. a s\u00fcgisel alustasin ettevalmistustega pakkuda raamatupidamist ja selle era\u00f5pet;<\/li>\n\n\n\n<li>2010. a suve hakul alustasin Tarkuseveskis ettev\u00f5tjate abistamisega;<\/li>\n\n\n\n<li>2013. a kevadel andsin koos Tarkuseveskiga v\u00e4lja m\u00f5ttevihiku T\u00f6lner p\u00e4\u00e4seb taevasse!<\/li>\n<\/ul>\n\n\n\n<p>Igap\u00e4evaselt k\u00e4ib N\u00f5mme Baptistikoguduses. Vaata, mis seal toimub&nbsp;<a href=\"http:\/\/www.nbk.ee\/\" target=\"_blank\" rel=\"noreferrer noopener\">www.nbk.ee<\/a>.<\/p>\n\n\n\n<p>Loe edasi mu&nbsp;\u00f5petamisfilosoofiat &#8211; see lihtsalt on mul veres, nagu vabadusv\u00f5itluse \u00fcks vorme<\/p>\n\n\n\n<p><strong>Hindan ja eeldan<\/strong><\/p>\n\n\n\n<p>Mina hindan ja eeldan pigem \u00f5pilase tahet \u00f5ppida (nt tema tublit kohal k\u00e4imist ja kaasa t\u00f6\u00f6tamist), kui tema tarkust, sest tarkus on saavutatav.<\/p>\n\n\n\n<p>\u00d5petamisel l\u00e4htun \u00f5pilase kiirusest. Seet\u00f5ttu lahendame sageli vaid 1-2 \u00fclesannet. T\u00e4htis on saada \u00fclesandest aru ja oskus lahendada ka ilma \u00f5petajata.<\/p>\n\n\n\n<p>Hindan koos\u00f5ppimise kogemust, siis n\u00e4eb ka \u00f5pilane, kui palju v\u00f5tab aega \u00fclesande lahendamine ning kogu ajakulu on tema kontrolli ja j\u00e4lgimise all. \u00d5ppimine toimub eratunnis paratamatult l\u00e4bi katse-eksituse meetodi, sest selline on elu ja \u00f5pilane peab ju \u00f5ppima, kuidas elu k\u00e4ib.<\/p>\n\n\n\n<p>\u00d5ppimisel on pikaajalised tagaj\u00e4rjed \u2013 teadmised, millega saab s\u00e4\u00e4sta raha. Osates matemaatikat v\u00f5i raamatupidamist, saab s\u00e4\u00e4sta tulevikus raha, kuigi hetkel v\u00f5ib ja kulub raha rohkem kui teenust (arvutused v\u00f5i raamatupidamine) sisse ostes. K\u00f5ige \u00f5ppimisel tuleb ise kaasa v\u00f5tta \u00f5pivahendid (\u00f5pikud v\u00f5i arvuti ning teha Merit Aktiva pilveversiooni kasutajakonto, kui \u00f5pilasel juba pole olemas oma tarkvara). Raamatupidamist \u00f5petan paberi-pliiatsiga ning v\u00f5imalusel ka tarkvara abil (nt Merit Aktiva pilves).<\/p>\n\n\n\n<p>Raamatupidamisel l\u00e4htun aususest ning ei tee \u201cloovat\u201d raamatupidamist.<\/p>\n\n\n\n<p>Olen <strong>meedias<\/strong>, nt Objektiiv online-s, \u00d5petajate Lehes, Pealinnas ja \u00c4rip\u00e4ev online-s artiklite v\u00f5i kommentaaridega (valik):<br><a href=\"http:\/\/www.pealinn.ee\/tagid\/koik\/valjaajamine-paradiisist-valitsus-votab-seni-maksuvabadust-nautivad-n187881\" target=\"_blank\" rel=\"noreferrer noopener\">Valitsus v\u00f5tab seni maksuvabadust nautivad suurfirmad pihtide vahele<\/a><br><a href=\"http:\/\/objektiiv.ee\/lugeja-kirjutab-riigil-on-aitamise-monopol\/\" target=\"_blank\" rel=\"noreferrer noopener\">Riigil on aitamise monopol<\/a><br><a href=\"http:\/\/ise.elnet.ee\/record=b2486268*est\" target=\"_blank\" rel=\"noreferrer noopener\">Rollirikkumine \u00fche inimese sees<\/a><br><a href=\"http:\/\/ise.elnet.ee\/record=b2557714*est\" target=\"_blank\" rel=\"noreferrer noopener\">Lugejakiri: V\u00e4iksemad klassid t\u00f5stavad t\u00f6\u00f6h\u00f5ivet<\/a><br><a href=\"http:\/\/www.raamatupidaja.ee\/uudised\/2011\/03\/10\/kas-tahate-vaikeettevotjate-totaalkontrolli\" target=\"_blank\" rel=\"noreferrer noopener\">Kas tahate v\u00e4ikeettev\u00f5tjate totaalkontrolli?<\/a><br><a href=\"http:\/\/www.raamatupidaja.ee\/uudised\/2011\/03\/17\/mikroettevotja-riik-leiutab-jalgratast\" target=\"_blank\" rel=\"noreferrer noopener\">Mikroettev\u00f5tja: riik leiutab jalgratast<\/a><br>ja terve hulk teisi artikleid mujal meedias (sh blogid).<\/p>\n\n\n\n<p>Lisaks olen v\u00e4lja andnud m\u00f5ningaid raamatuid:<\/p>\n\n\n\n<p>Loe ka seda, mis tuleb peale raamatuid.<\/p>\n<\/div>\n\n\n\n<div class=\"wp-block-group alignfull has-global-padding is-layout-constrained wp-container-core-group-is-layout-b25ccd55 wp-block-group-is-layout-constrained\" style=\"margin-top:0;margin-bottom:0;padding-top:var(--wp--preset--spacing--50);padding-right:var(--wp--preset--spacing--50);padding-bottom:var(--wp--preset--spacing--50);padding-left:var(--wp--preset--spacing--50)\">\n<div class=\"wp-block-columns alignwide is-layout-flex wp-container-core-columns-is-layout-ff4b9c61 wp-block-columns-is-layout-flex\" style=\"margin-top:0;margin-bottom:0\">\n<div class=\"wp-block-column is-layout-flow wp-container-core-column-is-layout-8a368f38 wp-block-column-is-layout-flow\">\n<div style=\"height:var(--wp--preset--spacing--50)\" aria-hidden=\"true\" class=\"wp-block-spacer\"><\/div>\n\n\n\n<figure class=\"wp-block-image size-full is-style-rounded is-style-rounded--1\"><a href=\"https:\/\/www.tarkuseveski.org\/tolner-paaseb-taevasse\/\"><img loading=\"lazy\" decoding=\"async\" width=\"561\" height=\"793\" src=\"https:\/\/jannotults.ee\/wp-content\/uploads\/2024\/08\/e-raamatu_tiitelpilt2.jpg\" alt=\"\" class=\"wp-image-286\" style=\"aspect-ratio:3\/4;object-fit:cover\" srcset=\"https:\/\/jannotults.ee\/wp-content\/uploads\/2024\/08\/e-raamatu_tiitelpilt2.jpg 561w, https:\/\/jannotults.ee\/wp-content\/uploads\/2024\/08\/e-raamatu_tiitelpilt2-212x300.jpg 212w\" sizes=\"auto, (max-width: 561px) 100vw, 561px\" \/><\/a><\/figure>\n\n\n\n<div style=\"height:var(--wp--preset--spacing--50)\" aria-hidden=\"true\" class=\"wp-block-spacer\"><\/div>\n\n\n\n<figure class=\"wp-block-image size-full is-style-rounded is-style-rounded--2\"><a href=\"https:\/\/www.tarkuseveski.org\/204-2\/\"><img loading=\"lazy\" decoding=\"async\" width=\"559\" height=\"793\" src=\"https:\/\/jannotults.ee\/wp-content\/uploads\/2024\/08\/A5_Sakkeus-legendaarne-maksuametijuht_tiitelleht.jpg\" alt=\"\" class=\"wp-image-284\" style=\"aspect-ratio:3\/4;object-fit:cover\" srcset=\"https:\/\/jannotults.ee\/wp-content\/uploads\/2024\/08\/A5_Sakkeus-legendaarne-maksuametijuht_tiitelleht.jpg 559w, https:\/\/jannotults.ee\/wp-content\/uploads\/2024\/08\/A5_Sakkeus-legendaarne-maksuametijuht_tiitelleht-211x300.jpg 211w\" sizes=\"auto, (max-width: 559px) 100vw, 559px\" \/><\/a><\/figure>\n<\/div>\n\n\n\n<div class=\"wp-block-column is-layout-flow wp-container-core-column-is-layout-8a368f38 wp-block-column-is-layout-flow\">\n<div style=\"height:var(--wp--preset--spacing--50)\" aria-hidden=\"true\" class=\"wp-block-spacer\"><\/div>\n\n\n\n<figure class=\"wp-block-image size-full is-style-rounded is-style-rounded--3\"><a href=\"https:\/\/www.tarkuseveski.org\/kristlane-ette-votmine-ja-maksud\/\"><img loading=\"lazy\" decoding=\"async\" width=\"559\" height=\"794\" src=\"https:\/\/jannotults.ee\/wp-content\/uploads\/2024\/08\/tiitelleht_kristlaneeettevotminemaksud.jpg\" alt=\"\" class=\"wp-image-282\" style=\"aspect-ratio:3\/4;object-fit:cover\" srcset=\"https:\/\/jannotults.ee\/wp-content\/uploads\/2024\/08\/tiitelleht_kristlaneeettevotminemaksud.jpg 559w, https:\/\/jannotults.ee\/wp-content\/uploads\/2024\/08\/tiitelleht_kristlaneeettevotminemaksud-211x300.jpg 211w\" sizes=\"auto, (max-width: 559px) 100vw, 559px\" \/><\/a><\/figure>\n\n\n\n<div style=\"height:var(--wp--preset--spacing--50)\" aria-hidden=\"true\" class=\"wp-block-spacer\"><\/div>\n\n\n\n<div style=\"height:var(--wp--preset--spacing--50)\" aria-hidden=\"true\" class=\"wp-block-spacer\"><\/div>\n\n\n<\/div>\n\n\n\n<div class=\"wp-block-column is-layout-flow wp-container-core-column-is-layout-8a368f38 wp-block-column-is-layout-flow\">\n<figure class=\"wp-block-image size-large is-style-rounded is-style-rounded--5\"><a href=\"https:\/\/www.tarkuseveski.org\/rui-rui\/\"><img loading=\"lazy\" decoding=\"async\" width=\"722\" height=\"1024\" src=\"https:\/\/jannotults.ee\/wp-content\/uploads\/2024\/08\/Rui-rui_esikaas_Janno-Tults-722x1024.jpg\" alt=\"\" class=\"wp-image-283\" style=\"aspect-ratio:3\/4;object-fit:cover\" srcset=\"https:\/\/jannotults.ee\/wp-content\/uploads\/2024\/08\/Rui-rui_esikaas_Janno-Tults-722x1024.jpg 722w, https:\/\/jannotults.ee\/wp-content\/uploads\/2024\/08\/Rui-rui_esikaas_Janno-Tults-211x300.jpg 211w, https:\/\/jannotults.ee\/wp-content\/uploads\/2024\/08\/Rui-rui_esikaas_Janno-Tults-768x1089.jpg 768w, https:\/\/jannotults.ee\/wp-content\/uploads\/2024\/08\/Rui-rui_esikaas_Janno-Tults-1083x1536.jpg 1083w, https:\/\/jannotults.ee\/wp-content\/uploads\/2024\/08\/Rui-rui_esikaas_Janno-Tults-1444x2048.jpg 1444w, https:\/\/jannotults.ee\/wp-content\/uploads\/2024\/08\/Rui-rui_esikaas_Janno-Tults-scaled.jpg 1805w\" sizes=\"auto, (max-width: 722px) 100vw, 722px\" \/><\/a><\/figure>\n\n\n\n<div style=\"height:var(--wp--preset--spacing--50)\" aria-hidden=\"true\" class=\"wp-block-spacer\"><\/div>\n\n\n\n<figure class=\"wp-block-image size-full is-style-rounded is-style-rounded--6\"><a href=\"https:\/\/www.tarkuseveski.org\/how-a-chief-of-tax-office-with-jesus-stuffed-crowd\/\"><img loading=\"lazy\" decoding=\"async\" width=\"559\" height=\"793\" src=\"https:\/\/jannotults.ee\/wp-content\/uploads\/2024\/08\/A5_English_Sakkeus-legendaarne-maksuametijuht-title-page.jpg\" alt=\"\" class=\"wp-image-285\" style=\"aspect-ratio:3\/4;object-fit:cover\" srcset=\"https:\/\/jannotults.ee\/wp-content\/uploads\/2024\/08\/A5_English_Sakkeus-legendaarne-maksuametijuht-title-page.jpg 559w, https:\/\/jannotults.ee\/wp-content\/uploads\/2024\/08\/A5_English_Sakkeus-legendaarne-maksuametijuht-title-page-211x300.jpg 211w\" sizes=\"auto, (max-width: 559px) 100vw, 559px\" \/><\/a><\/figure>\n\n\n\n<div style=\"height:var(--wp--preset--spacing--50)\" aria-hidden=\"true\" class=\"wp-block-spacer\"><\/div>\n\n\n<\/div>\n\n\n\n<div class=\"wp-block-column is-layout-flow wp-container-core-column-is-layout-8a368f38 wp-block-column-is-layout-flow\">\n<div style=\"height:var(--wp--preset--spacing--50)\" aria-hidden=\"true\" class=\"wp-block-spacer\"><\/div>\n\n\n\n\n\n<div style=\"height:var(--wp--preset--spacing--50)\" aria-hidden=\"true\" class=\"wp-block-spacer\"><\/div>\n\n\n\n\n\n<div style=\"height:var(--wp--preset--spacing--50)\" aria-hidden=\"true\" class=\"wp-block-spacer\"><\/div>\n\n\n<\/div>\n<\/div>\n<\/div>\n\n\n\n<h2 class=\"wp-block-heading has-large-font-size\">Naistest<\/h2>\n\n\n\n<p>Siit tuleb n\u00fc\u00fcd naistevihkajalikku juttu. T\u00f5siselt.<\/p>\n\n\n\n<p>Minu silmis on suur osa (kuigi k\u00f5igist naistest v\u00e4hemus) seda t\u00fc\u00fcpi, kes l\u00e4hevad poodi, haaravad sealt kaasa kohukese kindla peale s\u00f6\u00f6miseks ning lahkuvad l\u00e4bi iseteeninduskassa selle eest tasumata. Siis on ilgelt tigedad, et kohuke neil j\u00e4lle &#8220;s\u00f5rmede k\u00fclge on kleepunud&#8221; ning s\u00f5imavad seda, et j\u00e4lle nad l\u00e4hevad kohukese s\u00f6\u00f6misest paksuks ning see \u00fcle\u00fcldse nende &#8220;s\u00f5rmede k\u00fclge kleepunud on&#8221;. Kohuke saab midagi teha? Osad kohukesed on veel nii \u00e4ra alandatud, et nad m\u00f5tlevadki, et on ise s\u00fc\u00fcdi, et naise s\u00f5rmede k\u00fclge kleepusid. P\u00e4rast siis l\u00e4hevad ja t\u00f5mbavad peot\u00e4ie antidepressante sisse, sest elu on nii raske. Arusaadavalt on siin tegemist analoogiaga.<\/p>\n\n\n\n<p>Ehk siis \u00fcmber s\u00f5nastatuna<\/p>\n\n\n\n<p>Minu silmis on suur osa (kuigi k\u00f5igist naistest v\u00e4hemus) seda t\u00fc\u00fcpi, kes ise (st mitte keegi teine ei pane neile neid riideid selga ega sunni n\u00f5nda riietuma) riietavad end prostituudina, haaravad sellega kaasa meeste pilgu kindla peale ning ei m\u00f5tlegi, et mehed ei pruugi \u00fcldse tahtagi neile pilku k\u00fclge j\u00e4tta ega m\u00f5ttesse neid v\u00f5tta &#8211; parema meelega m\u00f5tleksid, t\u00f6\u00f6le, s\u00f5pradele, vabale ajale, perele, v\u00f5i Jumalale (kui usklik). Siis on naised ilgelt tigedad, et meeste pilk neil j\u00e4lle k\u00fcljes on ning s\u00f5imavad meest, et j\u00e4lle nad peavad end meeste pilkudest kehvasti! tundma ning see (pilk siis) \u00fcle\u00fcldse nende k\u00fclge kleepunud on. Kas mees saab midagi teha? Osad meestest on veel nii \u00e4ra alandatud, et nad m\u00f5tlevadki, et on ise s\u00fc\u00fcdi, et naise k\u00fclge oma pilguga kleepusid. P\u00e4rast siis naised l\u00e4hevad ja t\u00f5mbavad peot\u00e4ie antidepressante sisse, sest elu on nii raske.<\/p>\n\n\n\n<p>Meil meestel on p\u00f5hjust heita naistele ette, et nad sunnivad oma riietuse jm k\u00e4itumisega neile m\u00f5tlema s\u00fcgavamalt. See on s\u00fc\u00fctegu meeste vastu! Mehed ei taha teid niimoodi n\u00e4ha &#8211; kui tahavad, k\u00fcll leidub asutusi v\u00f5i saite, kus saab. Kas me karjume m\u00f6\u00f6da t\u00e4navat vm kohas, et naised, raisk, prosti riided selga! Pealispluus v\u00f5i -kleit olgu \u00f5hem, kui selle all olev pesu! Ei karju ega anna kuidagi m\u00e4rku<\/p>\n\n\n\n<p>&#8220;Ah et prosti pesu, rrr&#8230;.,&#8221; m\u00f5tlevad naised. Minge mingile tasuta pornolehele, neid leidub, ning vaadake m\u00f5ni selline video l\u00e4bi, kus on mingigi eelm\u00e4ng voodis h\u00e4nki-p\u00e4nkimisele. Minu pubekaajal oli selline riie de facto ilma neid videosid n\u00e4gematagi nimetatud prostiriietuseks. Kui pornon\u00e4itlejad kasutavad sellist riietust ega h\u00fc\u00fca vaatajale &#8211; vaata mind, ma olen nii ilus!, siis arusaadavalt on selleks mingi p\u00f5hjus &#8211; ta teab, ta on \u00f5ppinud elementaarset inimps\u00fchholoogiat &#8211; riietus tahtmatult t\u00f5mbab t\u00e4helepanu. Vaataja j\u00e4\u00e4b talle m\u00f5tlemad. Kui ta oleks seal igavalt riides, oleksid vaatajad kadunud v\u00f5i v\u00e4hemalt riides olemise eelm\u00e4ngu ei tehtaks.<\/p>\n\n\n\n<p>Kuna lehed on avalikult k\u00e4tte saadavad, siis need on sisuliselt samastatavad jaekaupluse lehega &#8211; keegi ei eelda, et jaekapluses on inimkaubanduse ohvrid t\u00f6\u00f6l, n\u00f5nda ka seal &#8211; vahele j\u00e4\u00e4mise risk on liiga suur. T\u00f5en\u00e4oliselt need lehed teevad ka mingit taustakontrolli, sest arusaadavalt on mainerisk suur &#8211; arvatavasti nad m\u00f5tlevad, et ok, teeme \u00fchiskonna silmis ebamoraalset asja, aga v\u00e4hemalt ei toeta kuritegevust. Otseselt mitte, kaudselt v\u00f5ib k\u00f5ik seda toetada, nt ostab inimkaubitseja poest jogurtit, smuutivilju ja mingi naisteka ning joodab selle sisse ohvrile, et sel figuur s\u00e4iliks ja k\u00f5ht saaks t\u00e4is ning n\u00e4itab naistekat, kuidas ohver peaks v\u00e4lja n\u00e4gema &#8211; pood on s\u00fc\u00fcdi? V\u00f5i naisteka kirjastaja?<\/p>\n\n\n\n<p>M\u00f5ni tahaks kindlasti viriseda, et mees v\u00f5ib ju pingutada ning m\u00f5elda millelegi teisele? Wtf? Sa \u00e4ra riietu nagu prost, et mees saaks m\u00f5elda neid m\u00f5tteid, mida ta m\u00f5elda tahab, mitte ei tungita tema m\u00f5ttemaailma sisse ilma tema loata, nii et ta peab hakkama m\u00f5tlema mingeid muid m\u00f5tteid. See oleks sama hea, kui narkar k\u00e4ib ringi s\u00fcstlaga, mille puhul \u00fchest torkest selle saaja on kohe \u00f5nne tipul, torkab suvaliselt igat ette juhtuvat nagu amokki jooksja ning siis s\u00fc\u00fcdistab, et see tropp tema s\u00fcstla otsa sattus ning \u00fcldse pole tema s\u00fc\u00fcdi, kuna ta ju p\u00f5hjustas m\u00f5nu, mida n\u00fc\u00fcd see tahab veel ja veel. Organismis on ju mingid retseptorid olemas, mis sellest ainest m\u00f5nu tunnevad, nii et loomulik ju!!! Et ikka on nii v\u00f5i? Ainus p\u00f5hjus, miks mehed seda soovivad, on et naise m\u00f5ju on sarnane narkootikumi m\u00f5jule, aga diilereid me teatavasti&#8230; tahaks kinni panna s\u00f5ltumata narkootikumi vormist. See on siiski tungimine teise inimese valikuvabadusse. Teie pole meeste (eriti v\u00f5\u00f5raste) vajaduste rahuldajad, v\u00f5i kui tahate neid rahuldada, siis pidage oma suu kinni, sest olete seda siiski meeste tahtevastaselt &#8211; te ei tule ju k\u00fcsima, kas ma v\u00f5in su ees end &#8220;\u00f5hukeselt&#8221; riietada? Veel enam sind p\u00e4rast s\u00f5imata, kui sa vaatad? Pea meeles, et sina, naine, valid, mida sa selga paned. Iga eseme. Kui keegi k\u00e4sib sind, siis keera k\u00f5ik s\u00fc\u00fcdistused selle k\u00e4skija vastu, mitte teiste. F\u00fc\u00fcsilise sunni puhul v\u00e4hemalt on v\u00f5imalik s\u00fc\u00fcdistuse esitamine politseisse.<\/p>\n\n\n\n<p>Kuna me k\u00f5ik peame midagi kandma, et meil oleks mugav elada (ilma t\u00f5ttu nt) ning vajame liikumist, siis arusaadavalt elementaartasemel pilgut\u00f5mmet naisele s\u00fc\u00fcks ei pane. Kes aga aru ei saa, v\u00f5ib j\u00e4\u00e4da koju peitu, kuni tekib valmisolek sellise ebamugavusega leppida, mille ise p\u00f5hjustab. Eks me mehedki tahame ringi liikuda ning seet\u00f5ttu peame leppima, et naisedki sarnast soovivad. Mehed aga riietuvad k\u00fcllaltki tagasihoidlikult v\u00f5rreldes naistega. Pole nii? Nii et v\u00e4hestel meestel on p\u00f5hjust sarnaselt tagasi t\u00f5mbumisele t\u00f5siselt m\u00f5elda.<\/p>\n\n\n\n<p>V\u00f5taks ette ka laste riietamise prostidena. Sa riietad oma t\u00fctart nagu prosti. Mis saab tast 5 v\u00f5i 10 a p\u00e4rast, kui ta on pubekas ja hakkab sugum\u00f5nu otsima? Leiab omavanuse, kes keerab talle kerad taha. Seda soovidki lapsevanemana? V\u00f5i soovid, et ta viivitaks? Kuidas ta saab viivitada? Sa oled ta ise \u00e4ra harjutanud, et selline riietus on normaalne. Kas ta \u00fcldse kannab enam siis nii &#8220;piiravat&#8221; riietust v\u00f5i tuleb t\u00e4navale puhta pesu v\u00e4el ja kuna on nii blond, et usub m\u00fc\u00fcdud (kuninga) n\u00e4htamatuid r\u00f5ivaid? Kas t\u00f5esti on juba vanemate pubeka eas \u00f5petatu meelest l\u00e4inud? Kui vanemad &#8211; t\u00e4did-onud jt &#8211; p\u00f6\u00f6rasid t\u00e4helepanu v\u00e4ikelapse riietusele? Ma ka ei saanud pubekana aru, aga mida vanemaks olen saanud, seda enam olen saanud teatud \u00f5petustest aru. Vanemaks saamise v\u00f5lud, \u00f5pid ennast tundma. Nagu ema ikka teinekord \u00fctles, kui suureks saad, k\u00fcll saad sellest aru.<\/p>\n\n\n\n<p>Kui sa naine oled nii bitch ja lits meeste vastu, siis miks sa nende ees roomad ise end riietades nagu bitch lits? &#8220;\u00dchiskond ju n\u00f5uab&#8221; kiunudes ja mehi s\u00fc\u00fcdistades igas asendis. Iseloomu pole? S\u00f5imata oskad, aga kehtestada riietudes siiski normaalelt, mitte? Valid \u00e4kki teise keskkonna, kus liikuda, kus ei n\u00f5uta selliselt riietumist? Ma tean mitmeid keskkondi, kus ei n\u00f5uta sellist riietumist. T\u00f6\u00f6 v\u00f5ib olla siis raskem, gl\u00e4mmi ka pole, aga j\u00e4\u00e4d inimeseks? Iseloomu poolest. V\u00f5ib-olla v\u00e4heneb antidepressantide vajadus ja suureneb \u00f5nnetunne, et saad olla kes oled, samas andes aru, et iga teoga tuleb tagaj\u00e4rg?<\/p>\n\n\n\n<p>Nii et kokku v\u00f5ttes naised sunnivad mehi end vaatama ja neile m\u00f5tlema v\u00f5i p\u00fc\u00fcdma m\u00f5telda muudest asjadest, mis on piisavalt tugeva m\u00f5juga, et naistele mitte m\u00f5elda. See aga on s\u00fc\u00fctegu meeste vastu. Mehed ei taha teid niimoodi n\u00e4ha &#8211; kui tahavad, k\u00fcll leidub asutusi v\u00f5i saite, kus saab. Teie pole meeste vajaduste rahuldajad. Mehed tahavad m\u00f5telda muudele asjadele. Ainus p\u00f5hjus, miks mehed seda soovivad, on et naise m\u00f5ju on sarnane narkootikumi m\u00f5jule, aga diilereid me teatavasti&#8230; tahaks kinni panna s\u00f5ltumata narkootikumi vormist. See on siiski tungimine teise inimese valikuvabadusse. Teie pole meeste vajaduste rahuldajad (eriti v\u00f5\u00f5raste), v\u00f5i kui tahate neid rahuldada, siis pidage oma suu kinni, sest olete seda siiski meeste tahtevastaselt &#8211; te ei tule ju k\u00fcsima, kas ma v\u00f5in su ees end &#8220;\u00f5hukeselt&#8221; ehk prostitutiivselt riietada? Veel enam sind p\u00e4rast s\u00f5imata, kui sa vaatad?<\/p>\n\n\n\n<p>Siin siis l\u00f5peb praegu naistevihkajalik jutt. J\u00e4tkub aga Naiste riietuse teema:<\/p>\n\n\n\n<p>PS! Kes aga silmakirjalikud pole, need v\u00f5ivad j\u00e4tkuvalt kanda riideid, mida soovivad, sest nad ei tule enda tegevuse tagaj\u00e4rje peale protesti t\u00f5stma, st nad ei tule enda pilgup\u00fc\u00fcdmise peale saadud pilgule, vaatamisele, j\u00f5llitamisele omakorda protesti t\u00f5stma. Naiste ja naisolevuste v\u00e4limuse kiitmine! Narkolaks on tugev! Aga laste riietamine v\u00f5iks siiski toimuda tagasi hoidlikumalt arvestades, et suuremaks saades on neile v\u00e4ga keeruline selgeks teha, miks nad n\u00fc\u00fcd enam ei tohi liibukaid kanda, kui seni v\u00f5isid. Ei saa nagu \u00f6elda, et see on v\u00e4ikeste laste teema, kui t\u00e4iskasvanud ees niimoodi riietuvad ja isegi siiani v\u00f5is ju nii riietuda. Miks seni v\u00f5is ja tulevikus v\u00f5ib, aga praegu mitte? Siinkohal j\u00e4tan j\u00e4llegi valiku mittesilmakirjatsejate teha. Pole minu asi kellelegi ette kirjutada, kuidas elab v\u00f5i mida teeb. Va sihiliku pahatahtlikkuse, sh sihilikult \u00f5ppimata j\u00e4tmise, puhul. Sihilik \u00f5ppimata j\u00e4tmine, on see, kui inimene puskleb \u00f5ppimisele vastu, mitte et lihtsalt pole veel \u00f5ppimiseks valmis, aga <em>mindset<\/em> on, et kui on vaja, st saan aru, et on vaja, siis \u00f5pin, isegi kui on ebameeldiv see \u00f5pitav, v\u00f5tab lausa podisema &#8211; t\u00f5de on lihtsalt olulisem.<\/p>\n\n\n\n<p>Nii et vabalt!, Ilusad Naised!<\/p>\n","protected":false},"excerpt":{"rendered":"<p>Minu nimi on Janno Tults. V\u00f5iks \u00f6elda, et v\u00f5itlen Piiblis 2. k\u00e4su kehtivuse eest selle \u00f5iges vormis &#8211; inimsuhete p\u00f5hiseadusena. Hariduselt-t\u00f6\u00f6alaselt taustalt\u2026 \u2026olen g\u00fcmnaasiumi matemaatika\u00f5petaja magistriharidusega (Tallinna \u00dclikoolist 2008) ja maksunduse eriala rakendusliku k\u00f5rgharidusega (Tallinna Majanduskoolist 2013).\u2026mul on \u00f5petamis- ja tasandus\u00f5petamiskogemus koolist: \u2026ja era\u00f5petamiskogemus al 2007 (m\u00f5ningane ka varasemast);\u2026ning raamatupidamisega tegelen v\u00e4ljapoole teenuseosutajana (v\u00f5i selle [&hellip;]<\/p>\n","protected":false},"author":1,"featured_media":259,"parent":0,"menu_order":0,"comment_status":"closed","ping_status":"closed","template":"","meta":{"footnotes":""},"class_list":["post-281","page","type-page","status-publish","has-post-thumbnail","hentry"],"_links":{"self":[{"href":"https:\/\/jannotults.ee\/index.php\/wp-json\/wp\/v2\/pages\/281","targetHints":{"allow":["GET"]}}],"collection":[{"href":"https:\/\/jannotults.ee\/index.php\/wp-json\/wp\/v2\/pages"}],"about":[{"href":"https:\/\/jannotults.ee\/index.php\/wp-json\/wp\/v2\/types\/page"}],"author":[{"embeddable":true,"href":"https:\/\/jannotults.ee\/index.php\/wp-json\/wp\/v2\/users\/1"}],"replies":[{"embeddable":true,"href":"https:\/\/jannotults.ee\/index.php\/wp-json\/wp\/v2\/comments?post=281"}],"version-history":[{"count":13,"href":"https:\/\/jannotults.ee\/index.php\/wp-json\/wp\/v2\/pages\/281\/revisions"}],"predecessor-version":[{"id":308,"href":"https:\/\/jannotults.ee\/index.php\/wp-json\/wp\/v2\/pages\/281\/revisions\/308"}],"wp:featuredmedia":[{"embeddable":true,"href":"https:\/\/jannotults.ee\/index.php\/wp-json\/wp\/v2\/media\/259"}],"wp:attachment":[{"href":"https:\/\/jannotults.ee\/index.php\/wp-json\/wp\/v2\/media?parent=281"}],"curies":[{"name":"wp","href":"https:\/\/api.w.org\/{rel}","templated":true}]}}